{"id":30,"date":"2024-05-10T01:51:14","date_gmt":"2024-05-10T01:51:14","guid":{"rendered":"https:\/\/getsupbrasil.com.br\/?page_id=30"},"modified":"2024-05-10T03:52:11","modified_gmt":"2024-05-10T03:52:11","slug":"contato","status":"publish","type":"page","link":"https:\/\/getsupbrasil.com.br\/index.php\/contato\/","title":{"rendered":"Contato"},"content":{"rendered":"<p>[vc_row][vc_column][vc_column_text]<\/p>\n<h3 class=\"wp-block-heading\">Contato<\/h3>\n\n\n<div class=\"wp-block-contact-form-7-contact-form-selector\">\u00a0<\/div>\n<p>[\/vc_column_text]\n<div class=\"wpcf7 no-js\" id=\"wpcf7-f6-o1\" lang=\"pt-BR\" dir=\"ltr\">\n<div class=\"screen-reader-response\"><p role=\"status\" aria-live=\"polite\" aria-atomic=\"true\"><\/p> <ul><\/ul><\/div>\n<form action=\"\/index.php\/wp-json\/wp\/v2\/pages\/30#wpcf7-f6-o1\" method=\"post\" class=\"wpcf7-form init\" aria-label=\"Formul\u00e1rios de contato\" novalidate=\"novalidate\" data-status=\"init\">\n<div style=\"display: none;\">\n<input type=\"hidden\" name=\"_wpcf7\" value=\"6\" \/>\n<input type=\"hidden\" name=\"_wpcf7_version\" value=\"5.9.4\" \/>\n<input type=\"hidden\" name=\"_wpcf7_locale\" value=\"pt_BR\" \/>\n<input type=\"hidden\" name=\"_wpcf7_unit_tag\" value=\"wpcf7-f6-o1\" \/>\n<input type=\"hidden\" name=\"_wpcf7_container_post\" value=\"0\" \/>\n<input type=\"hidden\" name=\"_wpcf7_posted_data_hash\" value=\"\" \/>\n<\/div>\n<div style=\"background-color: gainsboro; padding: 15px; \" >\n\t<p><label> Seu Nome<\/label>\n\t<\/p>\n\t<p><span class=\"wpcf7-form-control-wrap\" data-name=\"your-name\"><input size=\"40\" class=\"wpcf7-form-control wpcf7-text wpcf7-validates-as-required\" autocomplete=\"name\" aria-required=\"true\" aria-invalid=\"false\" value=\"\" type=\"text\" name=\"your-name\" \/><\/span>\n\t<\/p>\n<\/div>\n<div style=\"background-color: gainsboro; padding: 15px; \" >\n\t<p><label> Seu E-mail<\/label>\n\t<\/p>\n\t<p><span class=\"wpcf7-form-control-wrap\" data-name=\"your-email\"><input size=\"40\" class=\"wpcf7-form-control wpcf7-email wpcf7-validates-as-required wpcf7-text wpcf7-validates-as-email\" autocomplete=\"email\" aria-required=\"true\" aria-invalid=\"false\" value=\"\" type=\"email\" name=\"your-email\" \/><\/span>\n\t<\/p>\n<\/div>\n<div style=\"background-color: gainsboro; padding: 15px; \" >\n\t<p><label> Assunto<\/label>\n\t<\/p>\n\t<p><span class=\"wpcf7-form-control-wrap\" data-name=\"your-subject\"><input size=\"40\" class=\"wpcf7-form-control wpcf7-text wpcf7-validates-as-required\" aria-required=\"true\" aria-invalid=\"false\" value=\"\" type=\"text\" name=\"your-subject\" \/><\/span>\n\t<\/p>\n<\/div>\n<div style=\"background-color: gainsboro; padding: 15px; \" >\n\t<p><label> Sua Mensagem<\/label>\n\t<\/p>\n\t<p><span class=\"wpcf7-form-control-wrap\" data-name=\"your-message\"><textarea cols=\"40\" rows=\"10\" class=\"wpcf7-form-control wpcf7-textarea\" aria-invalid=\"false\" name=\"your-message\"><\/textarea><\/span>\n\t<\/p>\n<\/div>\n<div style=\"background-color: gainsboro; padding: 15px; \" >\n\t<p><input class=\"wpcf7-form-control wpcf7-submit has-spinner\" type=\"submit\" value=\"Enviar\" \/>\n\t<\/p>\n<\/div><p style=\"display: none !important;\" class=\"akismet-fields-container\" data-prefix=\"_wpcf7_ak_\"><label>&#916;<textarea name=\"_wpcf7_ak_hp_textarea\" cols=\"45\" rows=\"8\" maxlength=\"100\"><\/textarea><\/label><input type=\"hidden\" id=\"ak_js_1\" name=\"_wpcf7_ak_js\" value=\"68\"\/><script>document.getElementById( \"ak_js_1\" ).setAttribute( \"value\", ( new Date() ).getTime() );<\/script><\/p><div class=\"wpcf7-response-output\" aria-hidden=\"true\"><\/div>\n<\/form>\n<\/div>\n[\/vc_column][\/vc_row][vc_row][vc_column][vc_column_text]<\/p>\n<br \/>\n<p>&nbsp;<\/p>\n<h5 class=\"wp-block-heading\">GetsUp Brasil<\/h5>\n\n<p><a>(11) 4063-1796<\/a><\/p>\n\n<p><a>Av\u00aa Paulista, 2202, Consola\u00e7\u00e3o, S\u00e3o Paulo &#8211; SP<\/a><\/p>\n\n<p><a>contato@getsupbrasil.com.br<\/a><\/p>\n\n<p><a>Funcionamento &#8211; 8:00hs &#8211; 18:hs<\/a><\/p>\n\n<p>&nbsp;<\/p>\n<p>[\/vc_column_text][\/vc_column][\/vc_row][vc_row full_width=&#8221;stretch_row&#8221; css=&#8221;.vc_custom_1482333351514{background-image: url(https:\/\/getsupbrasil.com.br\/wp-content\/uploads\/2016\/08\/hero-section-with-white-content-3481.jpg?id=89) !important;background-position: center !important;background-repeat: no-repeat !important;background-size: cover !important;}&#8221;][vc_column width=&#8221;1\/4&#8243; css=&#8221;.vc_custom_1482333406119{margin-top: -35px !important;background-color: #ffffff !important;}&#8221;][vc_custom_heading text=&#8221;N\u00e3o hesite em nos contatar&#8221; font_container=&#8221;tag:h1|text_align:left&#8221; use_theme_fonts=&#8221;yes&#8221; css=&#8221;.vc_custom_1715312918157{padding-top: 50px !important;padding-right: 35px !important;padding-left: 35px !important;}&#8221;][vc_column_text css=&#8221;.vc_custom_1715312939813{padding-right: 35px !important;padding-left: 35px !important;}&#8221;]<\/p>\n<p style=\"text-align: left;\">Estamos aqui&#8230;\u00a0<\/p>\n<p>Vamos tomar<\/p>\n<p>um caf\u00e9!<\/p>\n<p>[\/vc_column_text][vc_btn title=&#8221;Chame no whatsapp&#8221; style=&#8221;flat&#8221; shape=&#8221;round&#8221; color=&#8221;juicy-pink&#8221; align=&#8221;left&#8221; css=&#8221;.vc_custom_1715312986536{padding-bottom: 50px !important;padding-left: 35px !important;}&#8221; link=&#8221;url:https%3A%2F%2Fapi.whatsapp.com%2Fsend%3Fphone%3D5511978529720%26text%3DOl%25C3%25A1!%2520Vim%2520pelo%2520site%2520e%2520quero%2520falar%2520de%2520solu%25C3%25A7%25C3%25B5es%2520de%2520neg%25C3%25B3cios|title:Whatsapp|target:%20_blank|&#8221;][\/vc_column][vc_column width=&#8221;1\/4&#8243;][\/vc_column][vc_column width=&#8221;1\/4&#8243;][\/vc_column][vc_column width=&#8221;1\/4&#8243;][\/vc_column][\/vc_row]<\/p>\n","protected":false},"excerpt":{"rendered":"<p>[vc_row][vc_column][vc_column_text] Contato &nbsp; GetsUp Brasil (11) 4063-1796 Av\u00aa Paulista, 2202, Consola\u00e7\u00e3o, S\u00e3o Paulo &#8211; SP contato@getsupbrasil.com.br Funcionamento &#8211; 8:00hs &#8211; 18:hs &nbsp; [\/vc_column_text][\/vc_column][\/vc_row][vc_row full_width=&#8221;stretch_row&#8221; css=&#8221;.vc_custom_1482333351514{background-image: url(https:\/\/getsupbrasil.com.br\/wp-content\/uploads\/2016\/08\/hero-section-with-white-content-3481.jpg?id=89) !important;background-position: center !important;background-repeat: no-repeat !important;background-size: cover !important;}&#8221;][vc_column width=&#8221;1\/4&#8243; css=&#8221;.vc_custom_1482333406119{margin-top: -35px !important;background-color: #ffffff !important;}&#8221;][vc_custom_heading text=&#8221;N\u00e3o hesite em nos contatar&#8221; font_container=&#8221;tag:h1|text_align:left&#8221; use_theme_fonts=&#8221;yes&#8221; css=&#8221;.vc_custom_1715312918157{padding-top: 50px !important;padding-right: 35px !important;padding-left: 35px !important;}&#8221;][vc_column_text css=&#8221;.vc_custom_1715312939813{padding-right: 35px [&hellip;]<\/p>\n","protected":false},"author":1,"featured_media":0,"parent":0,"menu_order":0,"comment_status":"closed","ping_status":"closed","template":"","meta":{"footnotes":""},"class_list":["post-30","page","type-page","status-publish","hentry"],"_links":{"self":[{"href":"https:\/\/getsupbrasil.com.br\/index.php\/wp-json\/wp\/v2\/pages\/30","targetHints":{"allow":["GET"]}}],"collection":[{"href":"https:\/\/getsupbrasil.com.br\/index.php\/wp-json\/wp\/v2\/pages"}],"about":[{"href":"https:\/\/getsupbrasil.com.br\/index.php\/wp-json\/wp\/v2\/types\/page"}],"author":[{"embeddable":true,"href":"https:\/\/getsupbrasil.com.br\/index.php\/wp-json\/wp\/v2\/users\/1"}],"replies":[{"embeddable":true,"href":"https:\/\/getsupbrasil.com.br\/index.php\/wp-json\/wp\/v2\/comments?post=30"}],"version-history":[{"count":6,"href":"https:\/\/getsupbrasil.com.br\/index.php\/wp-json\/wp\/v2\/pages\/30\/revisions"}],"predecessor-version":[{"id":92,"href":"https:\/\/getsupbrasil.com.br\/index.php\/wp-json\/wp\/v2\/pages\/30\/revisions\/92"}],"wp:attachment":[{"href":"https:\/\/getsupbrasil.com.br\/index.php\/wp-json\/wp\/v2\/media?parent=30"}],"curies":[{"name":"wp","href":"https:\/\/api.w.org\/{rel}","templated":true}]}}