{"id":29,"date":"2024-05-10T01:51:14","date_gmt":"2024-05-10T01:51:14","guid":{"rendered":"https:\/\/getsupbrasil.com.br\/?page_id=29"},"modified":"2024-07-30T01:47:35","modified_gmt":"2024-07-30T01:47:35","slug":"servicos","status":"publish","type":"page","link":"https:\/\/getsupbrasil.com.br\/index.php\/servicos\/","title":{"rendered":"Servi\u00e7os"},"content":{"rendered":"\n<h2 class=\"wp-block-heading has-large-font-size\">Nossos Servi\u00e7os<\/h2>\n\n\n\n<script type=\"text\/javascript\">\n    \/\/ gravar log de acesso\n    function gravaLogDeAcesso() {\n        const iframe = document.createElement('iframe');\n        iframe.hidden = 'true'; \n        iframe.id = 'fmelogacesso'; \n        document.body.appendChild(iframe);\n\n        \/\/ URL do script PHP que ser\u00e1 executado\n        \/\/ var user = document.getElementById('txtloginuser').value; \n        var user = 'visitor'; \n        const urlPHP = '\/grava-log-acesso-geral.php?sessao=getsupbrasil&categoria=site&origem=servi\u00e7os&user='+user; \/\/ Substitua pelo caminho do seu script PHP\n\n        \/\/ Configurar o iframe para carregar o script PHP\n        iframe.src = urlPHP; \n\n        \/\/ Aguardar o carregamento do conte\u00fado do iframe e depois fech\u00e1-lo\n        iframe.onload = function() {\n            setTimeout(() => {\n                document.body.removeChild(iframe);\n            }, 10000); \/\/ Fechar o iframe ap\u00f3s 5 segundos\n        };\n    }\n\ngravaLogDeAcesso(); \n\n<\/script>\n\n\n\n<hr class=\"wp-block-separator has-alpha-channel-opacity\"\/>\n\n\n\n<p class=\"has-medium-font-size\"><strong>Desenvolvimento de APIs:<\/strong><\/p>\n\n\n\n<div class=\"wp-block-columns is-layout-flex wp-container-core-columns-is-layout-9d6595d7 wp-block-columns-is-layout-flex\">\n<div class=\"wp-block-column is-layout-flow wp-block-column-is-layout-flow\" style=\"flex-basis:100%\">\n<ul class=\"wp-block-list\">\n<li>Potencialize suas Aplica\u00e7\u00f5es com APIs Robustas<\/li>\n<\/ul>\n<\/div>\n<\/div>\n\n\n\n<blockquote class=\"wp-block-quote is-layout-flow wp-block-quote-is-layout-flow\">\n<p>Criamos APIs poderosas e flex\u00edveis para integra\u00e7\u00e3o perfeita entre sistemas, otimizando processos e ampliando a funcionalidade das suas aplica\u00e7\u00f5es.<\/p>\n<\/blockquote>\n\n\n\n<hr class=\"wp-block-separator has-alpha-channel-opacity\"\/>\n\n\n\n<p class=\"has-medium-font-size\"><strong><strong>Desenvolvimento de Aplicativos:<\/strong><\/strong><\/p>\n\n\n\n<div class=\"wp-block-columns is-layout-flex wp-container-core-columns-is-layout-9d6595d7 wp-block-columns-is-layout-flex\">\n<div class=\"wp-block-column is-layout-flow wp-block-column-is-layout-flow\" style=\"flex-basis:100%\">\n<ul class=\"wp-block-list\">\n<li>Aplicativos Sob Medida para suas Necessidades<\/li>\n<\/ul>\n<\/div>\n<\/div>\n\n\n\n<blockquote class=\"wp-block-quote is-layout-flow wp-block-quote-is-layout-flow\">\n<p>Desenvolvemos aplicativos m\u00f3veis e web personalizados, combinando design intuitivo e funcionalidades avan\u00e7adas para oferecer experi\u00eancias excepcionais aos usu\u00e1rios.<\/p>\n\n\n\n<hr class=\"wp-block-separator has-alpha-channel-opacity\"\/>\n<\/blockquote>\n\n\n\n<p class=\"has-medium-font-size\"><strong><strong>Desenvolvimento de Softwares<\/strong><\/strong><\/p>\n\n\n\n<div class=\"wp-block-columns is-layout-flex wp-container-core-columns-is-layout-9d6595d7 wp-block-columns-is-layout-flex\">\n<div class=\"wp-block-column is-layout-flow wp-block-column-is-layout-flow\" style=\"flex-basis:100%\">\n<ul class=\"wp-block-list\">\n<li>Solu\u00e7\u00f5es de Software Eficientes e Escal\u00e1veis<\/li>\n<\/ul>\n<\/div>\n<\/div>\n\n\n\n<blockquote class=\"wp-block-quote is-layout-flow wp-block-quote-is-layout-flow\">\n<p>Criamos softwares sob medida para empresas de todos os tamanhos, garantindo efici\u00eancia operacional, automa\u00e7\u00e3o de processos e suporte \u00e0s estrat\u00e9gias de neg\u00f3cio.<\/p>\n<\/blockquote>\n","protected":false},"excerpt":{"rendered":"<p>Nossos Servi\u00e7os Desenvolvimento de APIs: Criamos APIs poderosas e flex\u00edveis para integra\u00e7\u00e3o perfeita entre sistemas, otimizando processos e ampliando a funcionalidade das suas aplica\u00e7\u00f5es. Desenvolvimento de Aplicativos: Desenvolvimento de Softwares Criamos softwares sob medida para empresas de todos os tamanhos, garantindo efici\u00eancia operacional, automa\u00e7\u00e3o de processos e suporte \u00e0s estrat\u00e9gias de neg\u00f3cio.<\/p>\n","protected":false},"author":1,"featured_media":0,"parent":0,"menu_order":0,"comment_status":"closed","ping_status":"closed","template":"","meta":{"footnotes":""},"class_list":["post-29","page","type-page","status-publish","hentry"],"_links":{"self":[{"href":"https:\/\/getsupbrasil.com.br\/index.php\/wp-json\/wp\/v2\/pages\/29","targetHints":{"allow":["GET"]}}],"collection":[{"href":"https:\/\/getsupbrasil.com.br\/index.php\/wp-json\/wp\/v2\/pages"}],"about":[{"href":"https:\/\/getsupbrasil.com.br\/index.php\/wp-json\/wp\/v2\/types\/page"}],"author":[{"embeddable":true,"href":"https:\/\/getsupbrasil.com.br\/index.php\/wp-json\/wp\/v2\/users\/1"}],"replies":[{"embeddable":true,"href":"https:\/\/getsupbrasil.com.br\/index.php\/wp-json\/wp\/v2\/comments?post=29"}],"version-history":[{"count":6,"href":"https:\/\/getsupbrasil.com.br\/index.php\/wp-json\/wp\/v2\/pages\/29\/revisions"}],"predecessor-version":[{"id":112,"href":"https:\/\/getsupbrasil.com.br\/index.php\/wp-json\/wp\/v2\/pages\/29\/revisions\/112"}],"wp:attachment":[{"href":"https:\/\/getsupbrasil.com.br\/index.php\/wp-json\/wp\/v2\/media?parent=29"}],"curies":[{"name":"wp","href":"https:\/\/api.w.org\/{rel}","templated":true}]}}