{"id":28,"date":"2024-05-10T01:51:14","date_gmt":"2024-05-10T01:51:14","guid":{"rendered":"https:\/\/getsupbrasil.com.br\/?page_id=28"},"modified":"2024-05-10T02:19:55","modified_gmt":"2024-05-10T02:19:55","slug":"sobre","status":"publish","type":"page","link":"https:\/\/getsupbrasil.com.br\/index.php\/sobre\/","title":{"rendered":"Sobre"},"content":{"rendered":"\n<h2 class=\"wp-block-heading has-large-font-size\">Sobre<\/h2>\n\n\n\n<hr class=\"wp-block-separator has-alpha-channel-opacity\"\/>\n\n\n\n<p class=\"has-medium-font-size\"><strong>Quem Somos<\/strong><\/p>\n\n\n\n<blockquote class=\"wp-block-quote is-layout-flow wp-block-quote-is-layout-flow\">\n<p class=\"has-small-font-size\">Somos uma equipe apaixonada por tecnologia e inova\u00e7\u00e3o, dedicada a fornecer solu\u00e7\u00f5es digitais de alto desempenho para empresas em todo o mundo. Combinamos expertise t\u00e9cnica, criatividade e compromisso com a excel\u00eancia para impulsionar o sucesso dos nossos clientes. Nossa miss\u00e3o \u00e9 transformar desafios em oportunidades, criando produtos digitais que inspirem, encantem e alcancem resultados extraordin\u00e1rios.<\/p>\n<\/blockquote>\n\n\n\n<hr class=\"wp-block-separator has-alpha-channel-opacity\"\/>\n\n\n\n<p class=\"has-medium-font-size\"><strong>Nossa Hist\u00f3ria<\/strong><\/p>\n\n\n\n<blockquote class=\"wp-block-quote is-layout-flow wp-block-quote-is-layout-flow\">\n<p class=\"has-small-font-size\">Fundada em 2009, nossa empresa nasceu da paix\u00e3o por tecnologia e da vis\u00e3o de criar solu\u00e7\u00f5es digitais inovadoras que impactem positivamente os neg\u00f3cios e a vida das pessoas. Ao longo dos anos, crescemos, aprendemos e evolu\u00edmos, mantendo sempre o compromisso com a qualidade, a criatividade e a satisfa\u00e7\u00e3o dos nossos clientes. Conhe\u00e7a mais sobre nossa jornada e como podemos fazer a diferen\u00e7a para voc\u00ea.<\/p>\n<\/blockquote>\n\n\n\n<hr class=\"wp-block-separator has-alpha-channel-opacity\"\/>\n\n\n\n<p class=\"has-medium-font-size\"><strong>Nossa Equipe<\/strong><\/p>\n\n\n\n<blockquote class=\"wp-block-quote is-layout-flow wp-block-quote-is-layout-flow\">\n<p class=\"has-small-font-size\">Nosso sucesso \u00e9 resultado do talento e da dedica\u00e7\u00e3o da nossa equipe. Com profissionais experientes em diversas \u00e1reas da tecnologia, design e desenvolvimento, trabalhamos de forma colaborativa para entregar solu\u00e7\u00f5es digitais que superem as expectativas. Estamos sempre em busca de desafios e oportunidades para inovar e criar valor para nossos clientes. Conhe\u00e7a as pessoas por tr\u00e1s da nossa empresa e saiba por que somos a escolha certa para o seu projeto.<\/p>\n<\/blockquote>\n","protected":false},"excerpt":{"rendered":"<p>Sobre Quem Somos Somos uma equipe apaixonada por tecnologia e inova\u00e7\u00e3o, dedicada a fornecer solu\u00e7\u00f5es digitais de alto desempenho para empresas em todo o mundo. Combinamos expertise t\u00e9cnica, criatividade e compromisso com a excel\u00eancia para impulsionar o sucesso dos nossos clientes. Nossa miss\u00e3o \u00e9 transformar desafios em oportunidades, criando produtos digitais que inspirem, encantem e [&hellip;]<\/p>\n","protected":false},"author":1,"featured_media":0,"parent":0,"menu_order":0,"comment_status":"closed","ping_status":"closed","template":"","meta":{"footnotes":""},"class_list":["post-28","page","type-page","status-publish","hentry"],"_links":{"self":[{"href":"https:\/\/getsupbrasil.com.br\/index.php\/wp-json\/wp\/v2\/pages\/28","targetHints":{"allow":["GET"]}}],"collection":[{"href":"https:\/\/getsupbrasil.com.br\/index.php\/wp-json\/wp\/v2\/pages"}],"about":[{"href":"https:\/\/getsupbrasil.com.br\/index.php\/wp-json\/wp\/v2\/types\/page"}],"author":[{"embeddable":true,"href":"https:\/\/getsupbrasil.com.br\/index.php\/wp-json\/wp\/v2\/users\/1"}],"replies":[{"embeddable":true,"href":"https:\/\/getsupbrasil.com.br\/index.php\/wp-json\/wp\/v2\/comments?post=28"}],"version-history":[{"count":16,"href":"https:\/\/getsupbrasil.com.br\/index.php\/wp-json\/wp\/v2\/pages\/28\/revisions"}],"predecessor-version":[{"id":70,"href":"https:\/\/getsupbrasil.com.br\/index.php\/wp-json\/wp\/v2\/pages\/28\/revisions\/70"}],"wp:attachment":[{"href":"https:\/\/getsupbrasil.com.br\/index.php\/wp-json\/wp\/v2\/media?parent=28"}],"curies":[{"name":"wp","href":"https:\/\/api.w.org\/{rel}","templated":true}]}}